{"id":129,"date":"2024-04-17T10:35:18","date_gmt":"2024-04-17T08:35:18","guid":{"rendered":"https:\/\/wp.claudiaperlet.de\/?page_id=129"},"modified":"2024-04-23T12:53:11","modified_gmt":"2024-04-23T10:53:11","slug":"sonographie","status":"publish","type":"page","link":"https:\/\/claudiaperlet.de\/?page_id=129","title":{"rendered":"Sonographie"},"content":{"rendered":"<p>[et_pb_section fb_built=&#8220;1&#8243; _builder_version=&#8220;4.24.3&#8243; _module_preset=&#8220;default&#8220; custom_margin=&#8220;0px||0px||false|false&#8220; custom_padding=&#8220;0px||0px||false|false&#8220; global_colors_info=&#8220;{}&#8220; theme_builder_area=&#8220;post_content&#8220;][et_pb_row _builder_version=&#8220;4.24.3&#8243; _module_preset=&#8220;default&#8220; custom_margin=&#8220;30px||||false|false&#8220; global_colors_info=&#8220;{}&#8220; theme_builder_area=&#8220;post_content&#8220;][et_pb_column type=&#8220;4_4&#8243; _builder_version=&#8220;4.24.3&#8243; _module_preset=&#8220;default&#8220; global_colors_info=&#8220;{}&#8220; theme_builder_area=&#8220;post_content&#8220;][et_pb_heading title=&#8220;Sonographie&#8220; _builder_version=&#8220;4.24.3&#8243; _module_preset=&#8220;default&#8220; hover_enabled=&#8220;0&#8243; global_colors_info=&#8220;{}&#8220; theme_builder_area=&#8220;post_content&#8220; sticky_enabled=&#8220;0&#8243;][\/et_pb_heading][\/et_pb_column][\/et_pb_row][et_pb_row _builder_version=&#8220;4.24.3&#8243; _module_preset=&#8220;default&#8220; hover_enabled=&#8220;0&#8243; global_colors_info=&#8220;{}&#8220; theme_builder_area=&#8220;post_content&#8220; column_structure=&#8220;1_2,1_2&#8243; module_alignment=&#8220;center&#8220; sticky_enabled=&#8220;0&#8243; use_custom_gutter=&#8220;on&#8220; gutter_width=&#8220;2&#8243;][et_pb_column type=&#8220;1_2&#8243; _builder_version=&#8220;4.24.3&#8243; _module_preset=&#8220;default&#8220; global_colors_info=&#8220;{}&#8220; theme_builder_area=&#8220;post_content&#8220;][et_pb_image src=&#8220;https:\/\/claudiaperlet.de\/wp-content\/uploads\/2024\/01\/US_450px.png&#8220; _builder_version=&#8220;4.24.3&#8243; _module_preset=&#8220;default&#8220; theme_builder_area=&#8220;post_content&#8220; title_text=&#8220;US_450px&#8220; hover_enabled=&#8220;0&#8243; sticky_enabled=&#8220;0&#8243;][\/et_pb_image][\/et_pb_column][et_pb_column type=&#8220;1_2&#8243; _builder_version=&#8220;4.24.3&#8243; _module_preset=&#8220;default&#8220; hover_enabled=&#8220;0&#8243; global_colors_info=&#8220;{}&#8220; theme_builder_area=&#8220;post_content&#8220; sticky_enabled=&#8220;0&#8243;][et_pb_text _builder_version=&#8220;4.24.3&#8243; _module_preset=&#8220;default&#8220; hover_enabled=&#8220;0&#8243; global_colors_info=&#8220;{}&#8220; theme_builder_area=&#8220;post_content&#8220; sticky_enabled=&#8220;0&#8243;]<\/p>\n<p><span>Die Sonographie (Ultraschall) der Brust ist ein schmerzfreies Untersuchungsverfahren ohne Strahlenbelastung zur Abkl\u00e4rung auff\u00e4lliger Befunde. Sie ist insbesondere bei jungen und schwangeren Frauen die erste Methode die zur Anwendung kommen sollte. Die Aussagekraft des Brustultraschalls ist stark abh\u00e4ngig von der Beschaffenheit des Dr\u00fcsengewebes. Insbesondere bei dichtem Dr\u00fcsengewebe sollte entsprechend der Empfehlungen der Deutschen Gesellschaft f\u00fcr Senologie (S3-Leitlinie zur Brustkrebsfr\u00fcherkennung, 2012) eine Sonographie durchgef\u00fchrt werden, da hier die diagnostische Aussagekraft der Mammographie eingeschr\u00e4nkt ist.<\/span><\/p>\n<div>Da mit der Sonographie jedoch gerade die sogenannten Mikroverkalkungen nicht mit ausreichender Zuverl\u00e4ssigkeit zu erkennen sind, ist sie als alleinige Methode zur Fr\u00fcherkennung derzeit nicht geeignet.<\/div>\n<p>[\/et_pb_text][\/et_pb_column][\/et_pb_row][et_pb_row column_structure=&#8220;1_2,1_2&#8243; use_custom_gutter=&#8220;on&#8220; gutter_width=&#8220;2&#8243; make_equal=&#8220;on&#8220; _builder_version=&#8220;4.24.3&#8243; _module_preset=&#8220;default&#8220; custom_margin=&#8220;30px||||false|false&#8220; custom_padding=&#8220;0px||0px||false|false&#8220; global_colors_info=&#8220;{}&#8220; theme_builder_area=&#8220;post_content&#8220;][et_pb_column type=&#8220;1_2&#8243; _builder_version=&#8220;4.24.3&#8243; _module_preset=&#8220;default&#8220; global_colors_info=&#8220;{}&#8220; theme_builder_area=&#8220;post_content&#8220;][et_pb_blurb title=&#8220;Technik&#8220; _builder_version=&#8220;4.24.3&#8243; _module_preset=&#8220;default&#8220; hover_enabled=&#8220;0&#8243; global_colors_info=&#8220;{}&#8220; theme_builder_area=&#8220;post_content&#8220; sticky_enabled=&#8220;0&#8243;]<\/p>\n<p><span>F\u00fcr eine bestm\u00f6gliche Bildqualit\u00e4t und Aussagekraft sollten Ger\u00e4te zum Einsatz kommen, die eine hohe Aufl\u00f6sung erm\u00f6glichen. Wir verwenden derzeit hochaufl\u00f6sende Ger\u00e4te der Firma GE (Voluson 750) und Siemens ((Acuson Sequoia). Diese erlauben neben einer hervorragenden Darstellung des Brustdr\u00fcsengewebes auch die Untersuchung mit Farb \u2013oder Powerdoppler \u00a0(Duplexsonographie) sowie die Duktsonographie.<\/span><\/p>\n<p>[\/et_pb_blurb][\/et_pb_column][et_pb_column type=&#8220;1_2&#8243; _builder_version=&#8220;4.24.3&#8243; _module_preset=&#8220;default&#8220; global_colors_info=&#8220;{}&#8220; theme_builder_area=&#8220;post_content&#8220;][et_pb_blurb title=&#8220;Duplexsonographie&#8220; _builder_version=&#8220;4.24.3&#8243; _module_preset=&#8220;default&#8220; hover_enabled=&#8220;0&#8243; global_colors_info=&#8220;{}&#8220; theme_builder_area=&#8220;post_content&#8220; sticky_enabled=&#8220;0&#8243;]Mit diesem Verfahren l\u00e4sst sich der Blutfluss in einem bestimmten Gewebsareal farblich darstellen. Damit k\u00f6nnen R\u00fcckschl\u00fcsse auf die Art einer Gewebsver\u00e4nderung gezogen werden, aber auch Lymphknoten in der Achselh\u00f6hle lassen sich besser beurteilen.[\/et_pb_blurb][\/et_pb_column][\/et_pb_row][et_pb_row column_structure=&#8220;1_2,1_2&#8243; use_custom_gutter=&#8220;on&#8220; gutter_width=&#8220;2&#8243; make_equal=&#8220;on&#8220; _builder_version=&#8220;4.24.3&#8243; _module_preset=&#8220;default&#8220; custom_margin=&#8220;30px||||false|false&#8220; custom_padding=&#8220;0px||0px||false|false&#8220; global_colors_info=&#8220;{}&#8220; theme_builder_area=&#8220;post_content&#8220;][et_pb_column type=&#8220;1_2&#8243; _builder_version=&#8220;4.24.3&#8243; _module_preset=&#8220;default&#8220; global_colors_info=&#8220;{}&#8220; theme_builder_area=&#8220;post_content&#8220;][et_pb_blurb title=&#8220;Duktsonographie&#8220; _builder_version=&#8220;4.24.3&#8243; _module_preset=&#8220;default&#8220; hover_enabled=&#8220;0&#8243; global_colors_info=&#8220;{}&#8220; theme_builder_area=&#8220;post_content&#8220; sticky_enabled=&#8220;0&#8243;]<\/p>\n<p><span>F\u00fcr eine optimale Darstellung der Milchg\u00e4nge (Duktsonographie) ist eine hohe Aufl\u00f6sung zwingend erforderlich. Im Falle einer Sekretion kann, bei Nachweis kleiner Ver\u00e4nderungen im Milchgang, eventuell sogar auf eine Galaktographie (R\u00f6ntgendarstellung der Milchg\u00e4nge mit Kontrastmittel) verzichtet werden.<\/span><\/p>\n<p>[\/et_pb_blurb][\/et_pb_column][et_pb_column type=&#8220;1_2&#8243; _builder_version=&#8220;4.24.3&#8243; _module_preset=&#8220;default&#8220; global_colors_info=&#8220;{}&#8220; theme_builder_area=&#8220;post_content&#8220;][et_pb_blurb title=&#8220;Kosten\u00fcbernahme&#8220; _builder_version=&#8220;4.24.3&#8243; _module_preset=&#8220;default&#8220; hover_enabled=&#8220;0&#8243; global_colors_info=&#8220;{}&#8220; theme_builder_area=&#8220;post_content&#8220; sticky_enabled=&#8220;0&#8243;]<\/p>\n<div>Von den gesetzlichen Krankenkassen wird die Sonographie in der Regel nur erstattet, falls Beschwerden vorliegen, eine famili\u00e4ren Belastung besteht, zur weiteren Abkl\u00e4rung eines auff\u00e4lligen Mammographiebefundes oder im Rahmen der Nachsorge, nicht aber zur Fr\u00fcherkennung bei Frauen ohne Beschwerden oder Risikofaktoren.<\/div>\n<div>Die privaten Kassen \u00fcbernehmen die Kosten in der Regel in vollem Umfang.<\/div>\n<p>[\/et_pb_blurb][\/et_pb_column][\/et_pb_row][\/et_pb_section]<\/p>\n","protected":false},"excerpt":{"rendered":"<p>Die Sonographie (Ultraschall) der Brust ist ein schmerzfreies Untersuchungsverfahren ohne Strahlenbelastung zur Abkl\u00e4rung auff\u00e4lliger Befunde. Sie ist insbesondere bei jungen und schwangeren Frauen die erste Methode die zur Anwendung kommen sollte. Die Aussagekraft des Brustultraschalls ist stark abh\u00e4ngig von der Beschaffenheit des Dr\u00fcsengewebes. Insbesondere bei dichtem Dr\u00fcsengewebe sollte entsprechend der Empfehlungen der Deutschen Gesellschaft f\u00fcr [&hellip;]<\/p>\n","protected":false},"author":1,"featured_media":0,"parent":0,"menu_order":10,"comment_status":"closed","ping_status":"closed","template":"","meta":{"_et_pb_use_builder":"on","_et_pb_old_content":"","_et_gb_content_width":"","footnotes":""},"class_list":["post-129","page","type-page","status-publish","hentry"],"_links":{"self":[{"href":"https:\/\/claudiaperlet.de\/index.php?rest_route=\/wp\/v2\/pages\/129","targetHints":{"allow":["GET"]}}],"collection":[{"href":"https:\/\/claudiaperlet.de\/index.php?rest_route=\/wp\/v2\/pages"}],"about":[{"href":"https:\/\/claudiaperlet.de\/index.php?rest_route=\/wp\/v2\/types\/page"}],"author":[{"embeddable":true,"href":"https:\/\/claudiaperlet.de\/index.php?rest_route=\/wp\/v2\/users\/1"}],"replies":[{"embeddable":true,"href":"https:\/\/claudiaperlet.de\/index.php?rest_route=%2Fwp%2Fv2%2Fcomments&post=129"}],"version-history":[{"count":7,"href":"https:\/\/claudiaperlet.de\/index.php?rest_route=\/wp\/v2\/pages\/129\/revisions"}],"predecessor-version":[{"id":247,"href":"https:\/\/claudiaperlet.de\/index.php?rest_route=\/wp\/v2\/pages\/129\/revisions\/247"}],"wp:attachment":[{"href":"https:\/\/claudiaperlet.de\/index.php?rest_route=%2Fwp%2Fv2%2Fmedia&parent=129"}],"curies":[{"name":"wp","href":"https:\/\/api.w.org\/{rel}","templated":true}]}}