{"id":131,"date":"2024-04-17T10:35:35","date_gmt":"2024-04-17T08:35:35","guid":{"rendered":"https:\/\/wp.claudiaperlet.de\/?page_id=131"},"modified":"2024-04-23T14:38:42","modified_gmt":"2024-04-23T12:38:42","slug":"kernspintomographie-mrt","status":"publish","type":"page","link":"https:\/\/claudiaperlet.de\/?page_id=131","title":{"rendered":"MRT"},"content":{"rendered":"<p>[et_pb_section fb_built=&#8220;1&#8243; _builder_version=&#8220;4.24.3&#8243; _module_preset=&#8220;default&#8220; custom_margin=&#8220;0px||0px||false|false&#8220; custom_padding=&#8220;0px||0px||false|false&#8220; global_colors_info=&#8220;{}&#8220; theme_builder_area=&#8220;post_content&#8220;][et_pb_row _builder_version=&#8220;4.24.3&#8243; _module_preset=&#8220;default&#8220; custom_margin=&#8220;30px||||false|false&#8220; global_colors_info=&#8220;{}&#8220; theme_builder_area=&#8220;post_content&#8220;][et_pb_column type=&#8220;4_4&#8243; _builder_version=&#8220;4.24.3&#8243; _module_preset=&#8220;default&#8220; global_colors_info=&#8220;{}&#8220; theme_builder_area=&#8220;post_content&#8220;][et_pb_heading title=&#8220; Magnetresonanztomographie (MRT) &#8220; _builder_version=&#8220;4.24.3&#8243; _module_preset=&#8220;default&#8220; hover_enabled=&#8220;0&#8243; global_colors_info=&#8220;{}&#8220; theme_builder_area=&#8220;post_content&#8220; sticky_enabled=&#8220;0&#8243;][\/et_pb_heading][\/et_pb_column][\/et_pb_row][et_pb_row column_structure=&#8220;1_2,1_2&#8243; use_custom_gutter=&#8220;on&#8220; gutter_width=&#8220;2&#8243; make_equal=&#8220;on&#8220; _builder_version=&#8220;4.24.3&#8243; _module_preset=&#8220;default&#8220; custom_margin=&#8220;30px||||false|false&#8220; custom_padding=&#8220;0px||0px||false|false&#8220; global_colors_info=&#8220;{}&#8220; theme_builder_area=&#8220;post_content&#8220;][et_pb_column type=&#8220;1_2&#8243; _builder_version=&#8220;4.24.3&#8243; _module_preset=&#8220;default&#8220; global_colors_info=&#8220;{}&#8220; theme_builder_area=&#8220;post_content&#8220;][et_pb_image src=&#8220;https:\/\/claudiaperlet.de\/wp-content\/uploads\/2024\/01\/MRT_450px.png&#8220; title_text=&#8220;MRT_450px&#8220; _builder_version=&#8220;4.24.3&#8243; _module_preset=&#8220;default&#8220; hover_enabled=&#8220;0&#8243; global_colors_info=&#8220;{}&#8220; theme_builder_area=&#8220;post_content&#8220; sticky_enabled=&#8220;0&#8243;][\/et_pb_image][\/et_pb_column][et_pb_column type=&#8220;1_2&#8243; _builder_version=&#8220;4.24.3&#8243; _module_preset=&#8220;default&#8220; global_colors_info=&#8220;{}&#8220; theme_builder_area=&#8220;post_content&#8220;][et_pb_blurb _builder_version=&#8220;4.24.3&#8243; _module_preset=&#8220;default&#8220; hover_enabled=&#8220;0&#8243; global_colors_info=&#8220;{}&#8220; theme_builder_area=&#8220;post_content&#8220; title=&#8220;Magnetresonanztomographie (MRT)&#8220; sticky_enabled=&#8220;0&#8243;]<\/p>\n<p><span>Die Magnetresonanztomographie (MRT) der Brust ist eine erg\u00e4nzende Untersuchung zur Mammographie und Sonographie, die zur weiteren Abkl\u00e4rung unklarer Befunde oder bei bestimmten Fragestellungen sinnvoll ist (z.B. im Rahmen der Nachsorge, vor Operationen, bei famili\u00e4rer Belastung , aber auch bei Implantaten). Die Indikation sollte im Einzelfall individuell gekl\u00e4rt werden. Gerne k\u00f6nnen Sie einen Termin am Praxisstandort Sauerbruchstrasse 10 in M\u00fcnchen Gro\u00dfhadern (Radiologie-M\u00fcnchen-Gro\u00dfhadern) vereinbaren.<\/span><\/p>\n<p>[\/et_pb_blurb][\/et_pb_column][\/et_pb_row][et_pb_row column_structure=&#8220;1_3,1_3,1_3&#8243; use_custom_gutter=&#8220;on&#8220; gutter_width=&#8220;2&#8243; make_equal=&#8220;on&#8220; _builder_version=&#8220;4.24.3&#8243; _module_preset=&#8220;default&#8220; custom_margin=&#8220;30px||||false|false&#8220; custom_padding=&#8220;0px||0px||false|false&#8220; global_colors_info=&#8220;{}&#8220; theme_builder_area=&#8220;post_content&#8220;][et_pb_column type=&#8220;1_3&#8243; _builder_version=&#8220;4.24.3&#8243; _module_preset=&#8220;default&#8220; global_colors_info=&#8220;{}&#8220; theme_builder_area=&#8220;post_content&#8220;][et_pb_blurb _builder_version=&#8220;4.24.3&#8243; _module_preset=&#8220;default&#8220; hover_enabled=&#8220;0&#8243; global_colors_info=&#8220;{}&#8220; theme_builder_area=&#8220;post_content&#8220; title=&#8220;Technik&#8220; sticky_enabled=&#8220;0&#8243;]<\/p>\n<p><span>Die MR-Mammographie f\u00fchren wir an einem 3.0 Tesla Hochfeld-Magnetresonanztomographen (Siemens, Skyra) durch. Die hohe Magnetfeldst\u00e4rke erlaubt eine exzellente Aufl\u00f6sung mit einer hervorragenden Bildqualit\u00e4t. Gleichzeitig bietet das Ger\u00e4t einen, f\u00fcr 3-Tesla-Ger\u00e4te relativ gro\u00dfen R\u00f6hrendurchmesser, was die Untersuchung wesentlich angenehmer gestaltet.<\/span><\/p>\n<p>[\/et_pb_blurb][\/et_pb_column][et_pb_column type=&#8220;1_3&#8243; _builder_version=&#8220;4.24.3&#8243; _module_preset=&#8220;default&#8220; global_colors_info=&#8220;{}&#8220; theme_builder_area=&#8220;post_content&#8220;][et_pb_blurb _builder_version=&#8220;4.24.3&#8243; _module_preset=&#8220;default&#8220; hover_enabled=&#8220;0&#8243; global_colors_info=&#8220;{}&#8220; theme_builder_area=&#8220;post_content&#8220; title=&#8220;Durchf\u00fchrung&#8220; sticky_enabled=&#8220;0&#8243;]<\/p>\n<p><span>Die Untersuchung der Brust erfolgt in Bauchlage und dauert etwa 20 Minuten. F\u00fcr eine aussagekr\u00e4ftige Diagnose ist die Injektion eines Kontrastmittels \u00fcblicherweise in eine Armvene erforderlich.<\/span><\/p>\n<div>Da die Kernspintomographie der Brust sehr stark durch hormonelle Ver\u00e4nderungen beeinflusst werden kann, sollte die Untersuchung, falls m\u00f6glich, zwischen dem 7.-17. Zyklustag durchgef\u00fchrt werden. Eine Hormoneinnahme in den Wechseljahren sollte, falls m\u00f6glich, f\u00fcr 4-6 Wochen abgesetzt werden, um eine bestm\u00f6gliche Aussagekraft zu gew\u00e4hrleisten. Auch eine vorausgegangene Operation oder Bestrahlung kann die Beurteilung der Untersuchung einschr\u00e4nken.<\/div>\n<div>Wir legen gerne mit Ihnen, in Abh\u00e4ngigkeit von der Fragestellung, einen geeigneten Untersuchungszeitpunkt fest.<\/div>\n<p>[\/et_pb_blurb][\/et_pb_column][et_pb_column type=&#8220;1_3&#8243; _builder_version=&#8220;4.24.3&#8243; _module_preset=&#8220;default&#8220; global_colors_info=&#8220;{}&#8220; theme_builder_area=&#8220;post_content&#8220;][et_pb_blurb title=&#8220;Kosten\u00fcbernahme&#8220; _builder_version=&#8220;4.24.3&#8243; _module_preset=&#8220;default&#8220; hover_enabled=&#8220;0&#8243; global_colors_info=&#8220;{}&#8220; theme_builder_area=&#8220;post_content&#8220; sticky_enabled=&#8220;0&#8243;]<\/p>\n<p><span>Die Kosten der MR-Mammographie werden von den privaten Krankenkassenin in der Regel in voller H\u00f6he \u00fcbernommen.<\/span><\/p>\n<div>Die gesetzlichen Krankenkassen erstatten diese Leistung nur bei speziellen Fragestellungen. Wir werden gerne mit Ihnen die M\u00f6glichkeiten einer Kosten\u00fcbernahme besprechen.<\/div>\n<p>[\/et_pb_blurb][\/et_pb_column][\/et_pb_row][\/et_pb_section]<\/p>\n","protected":false},"excerpt":{"rendered":"<p>Die Magnetresonanztomographie (MRT) der Brust ist eine erg\u00e4nzende Untersuchung zur Mammographie und Sonographie, die zur weiteren Abkl\u00e4rung unklarer Befunde oder bei bestimmten Fragestellungen sinnvoll ist (z.B. im Rahmen der Nachsorge, vor Operationen, bei famili\u00e4rer Belastung , aber auch bei Implantaten). Die Indikation sollte im Einzelfall individuell gekl\u00e4rt werden. Gerne k\u00f6nnen Sie einen Termin am Praxisstandort [&hellip;]<\/p>\n","protected":false},"author":1,"featured_media":0,"parent":0,"menu_order":8,"comment_status":"closed","ping_status":"closed","template":"","meta":{"_et_pb_use_builder":"on","_et_pb_old_content":"","_et_gb_content_width":"","footnotes":""},"class_list":["post-131","page","type-page","status-publish","hentry"],"_links":{"self":[{"href":"https:\/\/claudiaperlet.de\/index.php?rest_route=\/wp\/v2\/pages\/131","targetHints":{"allow":["GET"]}}],"collection":[{"href":"https:\/\/claudiaperlet.de\/index.php?rest_route=\/wp\/v2\/pages"}],"about":[{"href":"https:\/\/claudiaperlet.de\/index.php?rest_route=\/wp\/v2\/types\/page"}],"author":[{"embeddable":true,"href":"https:\/\/claudiaperlet.de\/index.php?rest_route=\/wp\/v2\/users\/1"}],"replies":[{"embeddable":true,"href":"https:\/\/claudiaperlet.de\/index.php?rest_route=%2Fwp%2Fv2%2Fcomments&post=131"}],"version-history":[{"count":4,"href":"https:\/\/claudiaperlet.de\/index.php?rest_route=\/wp\/v2\/pages\/131\/revisions"}],"predecessor-version":[{"id":254,"href":"https:\/\/claudiaperlet.de\/index.php?rest_route=\/wp\/v2\/pages\/131\/revisions\/254"}],"wp:attachment":[{"href":"https:\/\/claudiaperlet.de\/index.php?rest_route=%2Fwp%2Fv2%2Fmedia&parent=131"}],"curies":[{"name":"wp","href":"https:\/\/api.w.org\/{rel}","templated":true}]}}