{"id":135,"date":"2024-04-17T10:36:34","date_gmt":"2024-04-17T08:36:34","guid":{"rendered":"https:\/\/wp.claudiaperlet.de\/?page_id=135"},"modified":"2024-04-23T15:06:56","modified_gmt":"2024-04-23T13:06:56","slug":"osteodensitometrie","status":"publish","type":"page","link":"https:\/\/claudiaperlet.de\/?page_id=135","title":{"rendered":"Osteodensitometrie"},"content":{"rendered":"<p>[et_pb_section fb_built=&#8220;1&#8243; _builder_version=&#8220;4.24.3&#8243; _module_preset=&#8220;default&#8220; custom_margin=&#8220;0px||0px||false|false&#8220; custom_padding=&#8220;0px||0px||false|false&#8220; global_colors_info=&#8220;{}&#8220; theme_builder_area=&#8220;post_content&#8220;][et_pb_row _builder_version=&#8220;4.24.3&#8243; _module_preset=&#8220;default&#8220; custom_margin=&#8220;30px||||false|false&#8220; global_colors_info=&#8220;{}&#8220; theme_builder_area=&#8220;post_content&#8220;][et_pb_column type=&#8220;4_4&#8243; _builder_version=&#8220;4.24.3&#8243; _module_preset=&#8220;default&#8220; global_colors_info=&#8220;{}&#8220; theme_builder_area=&#8220;post_content&#8220;][et_pb_heading title=&#8220;Osteodensitometrie&#8220; _builder_version=&#8220;4.24.3&#8243; _module_preset=&#8220;default&#8220; hover_enabled=&#8220;0&#8243; global_colors_info=&#8220;{}&#8220; theme_builder_area=&#8220;post_content&#8220; sticky_enabled=&#8220;0&#8243;][\/et_pb_heading][\/et_pb_column][\/et_pb_row][et_pb_row column_structure=&#8220;1_2,1_2&#8243; use_custom_gutter=&#8220;on&#8220; gutter_width=&#8220;2&#8243; make_equal=&#8220;on&#8220; _builder_version=&#8220;4.24.3&#8243; _module_preset=&#8220;default&#8220; custom_margin=&#8220;30px||||false|false&#8220; custom_padding=&#8220;0px||0px||false|false&#8220; global_colors_info=&#8220;{}&#8220; theme_builder_area=&#8220;post_content&#8220;][et_pb_column type=&#8220;1_2&#8243; _builder_version=&#8220;4.24.3&#8243; _module_preset=&#8220;default&#8220; global_colors_info=&#8220;{}&#8220; theme_builder_area=&#8220;post_content&#8220;][et_pb_image src=&#8220;https:\/\/claudiaperlet.de\/wp-content\/uploads\/2024\/01\/Densi_450px.png&#8220; title_text=&#8220;Densi_450px&#8220; _builder_version=&#8220;4.24.3&#8243; _module_preset=&#8220;default&#8220; hover_enabled=&#8220;0&#8243; global_colors_info=&#8220;{}&#8220; theme_builder_area=&#8220;post_content&#8220; sticky_enabled=&#8220;0&#8243;][\/et_pb_image][\/et_pb_column][et_pb_column type=&#8220;1_2&#8243; _builder_version=&#8220;4.24.3&#8243; _module_preset=&#8220;default&#8220; global_colors_info=&#8220;{}&#8220; theme_builder_area=&#8220;post_content&#8220;][et_pb_blurb _builder_version=&#8220;4.24.3&#8243; _module_preset=&#8220;default&#8220; hover_enabled=&#8220;0&#8243; global_colors_info=&#8220;{}&#8220; theme_builder_area=&#8220;post_content&#8220; sticky_enabled=&#8220;0&#8243; title=&#8220;Knochendichte&#8220;]<\/p>\n<div><span>Zu Beginn der Wechseljahre kommt es zum Hormonmangel, der neben k\u00f6rperlichen Ver\u00e4nderungen auch zur Verminderung der Knochenfestigkeit f\u00fchren kann. In diesem Lebensabschnitt ist jede dritte Frau von einem mehr oder weniger ausgepr\u00e4gten Knochenabbau (sog. Osteoporose) betroffen. In Deutschland erleiden pro Jahr etwa 80.000 Frauen eine Fraktur der H\u00fcfte und bei etwa 20.000 Frauen kommt es zu Einbr\u00fcchen der Wirbelk\u00f6rper. Bereits vor dem Auftreten erster Symptome ist es medizinisch sinnvoll, die Knochendichte zu messen.<\/span><\/div>\n<div><\/div>\n<div><span>Damit kann das Ma\u00df der Knochenfestigkeit fr\u00fchzeitig beurteilt werden und gegebenenfalls geeignete, prophylaktische Ma\u00dfnahmen veranla\u00dft werden. Wir beraten Sie gern ob und wann eine Knochendichtemessung in Ihrem Fall empfehlenswert ist.<\/span><\/div>\n<p>[\/et_pb_blurb][\/et_pb_column][\/et_pb_row][et_pb_row column_structure=&#8220;1_3,1_3,1_3&#8243; use_custom_gutter=&#8220;on&#8220; gutter_width=&#8220;2&#8243; make_equal=&#8220;on&#8220; _builder_version=&#8220;4.24.3&#8243; _module_preset=&#8220;default&#8220; custom_margin=&#8220;30px||||false|false&#8220; custom_padding=&#8220;0px||0px||false|false&#8220; global_colors_info=&#8220;{}&#8220; theme_builder_area=&#8220;post_content&#8220;][et_pb_column type=&#8220;1_3&#8243; _builder_version=&#8220;4.24.3&#8243; _module_preset=&#8220;default&#8220; global_colors_info=&#8220;{}&#8220; theme_builder_area=&#8220;post_content&#8220;][et_pb_blurb _builder_version=&#8220;4.24.3&#8243; _module_preset=&#8220;default&#8220; hover_enabled=&#8220;0&#8243; global_colors_info=&#8220;{}&#8220; theme_builder_area=&#8220;post_content&#8220; title=&#8220;Methode&#8220; sticky_enabled=&#8220;0&#8243;]<\/p>\n<p><span>Das DXA-Verfahren (Dual Energy X-ray Absorption) ist derzeit das beste und exakteste Verfahren f\u00fcr die Messung der Knochendichte. Es ist das einzige von der Weltgesundheitsorganisation (WHO) weltweit und der Osteologischen Fachgesellschaft in Deutschland (DVO) anerkannte Verfahren zur Messung der Knochendichte.<\/span><\/p>\n<p>[\/et_pb_blurb][\/et_pb_column][et_pb_column type=&#8220;1_3&#8243; _builder_version=&#8220;4.24.3&#8243; _module_preset=&#8220;default&#8220; global_colors_info=&#8220;{}&#8220; theme_builder_area=&#8220;post_content&#8220;][et_pb_blurb title=&#8220;Technik&#8220; _builder_version=&#8220;4.24.3&#8243; _module_preset=&#8220;default&#8220; hover_enabled=&#8220;0&#8243; global_colors_info=&#8220;{}&#8220; theme_builder_area=&#8220;post_content&#8220; sticky_enabled=&#8220;0&#8243;]<\/p>\n<p><span>Das DXA-Me\u00dfger\u00e4t sieht wie eine gro\u00dfe Untersuchungsliege aus. Die eigentliche Messung dauert ca. 15 min. W\u00e4hrend der Messung im Liegen wird mit Hilfe einer sehr geringen R\u00f6ntgenstrahlung der Mineralgehalt der Knochen (Lendenwirbels\u00e4ule und Oberschenkelhals) mittels einer Computergesteuerten Auswertung bestimmt. Die Messung erfolgt sowohl an der Lendenwirbels\u00e4ule als auch am Oberschenkelhals.<\/span><\/p>\n<p>[\/et_pb_blurb][\/et_pb_column][et_pb_column type=&#8220;1_3&#8243; _builder_version=&#8220;4.24.3&#8243; _module_preset=&#8220;default&#8220; global_colors_info=&#8220;{}&#8220; theme_builder_area=&#8220;post_content&#8220;][et_pb_blurb title=&#8220;Kosten\u00fcbernahme&#8220; _builder_version=&#8220;4.24.3&#8243; _module_preset=&#8220;default&#8220; global_colors_info=&#8220;{}&#8220; theme_builder_area=&#8220;post_content&#8220;]<\/p>\n<div><span>Die Tomosynthese wird bislang von den gesetzlichen Krankenkassen nicht \u00fcbernommen, von den privaten Kassen in der Regel schon.<\/span><\/div>\n<p>[\/et_pb_blurb][\/et_pb_column][\/et_pb_row][\/et_pb_section]<\/p>\n","protected":false},"excerpt":{"rendered":"<p>Zu Beginn der Wechseljahre kommt es zum Hormonmangel, der neben k\u00f6rperlichen Ver\u00e4nderungen auch zur Verminderung der Knochenfestigkeit f\u00fchren kann. In diesem Lebensabschnitt ist jede dritte Frau von einem mehr oder weniger ausgepr\u00e4gten Knochenabbau (sog. Osteoporose) betroffen. In Deutschland erleiden pro Jahr etwa 80.000 Frauen eine Fraktur der H\u00fcfte und bei etwa 20.000 Frauen kommt es [&hellip;]<\/p>\n","protected":false},"author":1,"featured_media":0,"parent":0,"menu_order":9,"comment_status":"closed","ping_status":"closed","template":"","meta":{"_et_pb_use_builder":"on","_et_pb_old_content":"","_et_gb_content_width":"","footnotes":""},"class_list":["post-135","page","type-page","status-publish","hentry"],"_links":{"self":[{"href":"https:\/\/claudiaperlet.de\/index.php?rest_route=\/wp\/v2\/pages\/135","targetHints":{"allow":["GET"]}}],"collection":[{"href":"https:\/\/claudiaperlet.de\/index.php?rest_route=\/wp\/v2\/pages"}],"about":[{"href":"https:\/\/claudiaperlet.de\/index.php?rest_route=\/wp\/v2\/types\/page"}],"author":[{"embeddable":true,"href":"https:\/\/claudiaperlet.de\/index.php?rest_route=\/wp\/v2\/users\/1"}],"replies":[{"embeddable":true,"href":"https:\/\/claudiaperlet.de\/index.php?rest_route=%2Fwp%2Fv2%2Fcomments&post=135"}],"version-history":[{"count":3,"href":"https:\/\/claudiaperlet.de\/index.php?rest_route=\/wp\/v2\/pages\/135\/revisions"}],"predecessor-version":[{"id":263,"href":"https:\/\/claudiaperlet.de\/index.php?rest_route=\/wp\/v2\/pages\/135\/revisions\/263"}],"wp:attachment":[{"href":"https:\/\/claudiaperlet.de\/index.php?rest_route=%2Fwp%2Fv2%2Fmedia&parent=135"}],"curies":[{"name":"wp","href":"https:\/\/api.w.org\/{rel}","templated":true}]}}